{"id":410,"date":"2021-05-28T15:05:36","date_gmt":"2021-05-28T13:05:36","guid":{"rendered":"https:\/\/raratheme.com\/preview\/travel-agency-pro\/about-us\/"},"modified":"2021-06-03T15:25:58","modified_gmt":"2021-06-03T13:25:58","slug":"filosofia","status":"publish","type":"page","link":"https:\/\/www.transeuropeantour.it\/site\/filosofia\/","title":{"rendered":"Filosofia"},"content":{"rendered":"<p><img fetchpriority=\"high\" decoding=\"async\" src=\"https:\/\/www.transeuropeantour.it\/site\/wp-content\/uploads\/2017\/11\/maldives-1993704_19201-1-1.jpg\" sizes=\"(max-width: 1920px) 100vw, 1920px\" srcset=\"https:\/\/www.transeuropeantour.it\/site\/wp-content\/uploads\/2017\/11\/maldives-1993704_19201-1-1.jpg 1920w, https:\/\/www.transeuropeantour.it\/site\/wp-content\/uploads\/2017\/11\/maldives-1993704_19201-1-1-300x168.jpg 300w, https:\/\/www.transeuropeantour.it\/site\/wp-content\/uploads\/2017\/11\/maldives-1993704_19201-1-1-1024x575.jpg 1024w, https:\/\/www.transeuropeantour.it\/site\/wp-content\/uploads\/2017\/11\/maldives-1993704_19201-1-1-768x431.jpg 768w, https:\/\/www.transeuropeantour.it\/site\/wp-content\/uploads\/2017\/11\/maldives-1993704_19201-1-1-1536x862.jpg 1536w, https:\/\/www.transeuropeantour.it\/site\/wp-content\/uploads\/2017\/11\/maldives-1993704_19201-1-1-107x60.jpg 107w\" alt=\"\" width=\"1920\" height=\"1078\" \/><\/p>\r\n\r\n<h1 class=\"wp-block-heading\">L&#8217;agenzia \u00e8 disponibile a soddisfare ogni vostra scelta di viaggio.<\/h1>\r\n<p>Vi portiamo in giro per l&#8217;Italia e per il mondo sperando che tu possa tornare un p\u00f2 diverso !<\/p>\r\n<h4>La vita \u00e8 un viaggio e chi viaggia vive due volte (Omar Khayyam)<\/h4>\r\n<p><strong>Transeuropean Tour<\/strong> si mette in gioco, lanciata verso un&#8217;innovazione continua: dove non arriva l&#8217;esperienza diretta, arriva la voglia di studiare, &#8220;viaggi\u00a0 Tailleur&#8221;, 3 T\u00a0 evidenziate che evidenziano <strong>T<\/strong>ALENTO <strong>T<\/strong>ENACIA e amore per la <strong>T<\/strong>ERRA, ogni viaggio trattato come un piccolo mondo, costruito e calibrato in base alle esigenze e alla sensibilit\u00e0 nel capire quello che cerca il cliente e che internet, in quanto macchina, non \u00e8 in grado di fare, sopratutto la passione di costruire umanamente insieme un tassello di vita in pi\u00f9, dove il tempo si dilata. Ogni viaggio ci porta incredibilmente fuori dalla routine e le giornate ci sembrano avere improvvisamente uno spessore differente, viaggiare \u00e8 un p\u00f2 come allungarci\u00a0 la nostra vita! Il Team ha collaborato da sempre con una clientela in evoluzione condividendo\u00a0 una grande parte di vita insieme, dai viaggi dei giovani ventenni\u00a0 con pochi denari a disposizione, ai\u00a0 viaggi di nozze, alle settimane nei villaggi con i bambini piccoli, fino agli\u00a0 itinerari, alla scoperta del mondo, con i figli adolescenti ed ora mete da scoprire insieme ai fidanzati dei figli.<\/p>\r\n\r\n\r\n","protected":false},"excerpt":{"rendered":"<p>L&#8217;agenzia \u00e8 disponibile a soddisfare ogni vostra scelta di viaggio. Vi portiamo in giro per l&#8217;Italia e per il mondo sperando che tu possa tornare un p\u00f2 diverso ! La vita \u00e8 un viaggio e chi viaggia vive due volte (Omar Khayyam) Transeuropean Tour si &hellip; <\/p>\n","protected":false},"author":1,"featured_media":0,"parent":0,"menu_order":0,"comment_status":"closed","ping_status":"closed","template":"templates\/template-activities.php","meta":{"footnotes":""},"class_list":["post-410","page","type-page","status-publish","hentry"],"yoast_head":"<!-- This site is optimized with the Yoast SEO plugin v22.9 - https:\/\/yoast.com\/wordpress\/plugins\/seo\/ -->\r\n<title>Filosofia - TRANSEUROPEAN TOUR<\/title>\r\n<meta name=\"robots\" content=\"index, follow, max-snippet:-1, max-image-preview:large, max-video-preview:-1\" \/>\r\n<link rel=\"canonical\" href=\"https:\/\/www.transeuropeantour.it\/site\/filosofia\/\" \/>\r\n<meta property=\"og:locale\" content=\"it_IT\" \/>\r\n<meta property=\"og:type\" content=\"article\" \/>\r\n<meta property=\"og:title\" content=\"Filosofia - TRANSEUROPEAN TOUR\" \/>\r\n<meta property=\"og:description\" content=\"L&#8217;agenzia \u00e8 disponibile a soddisfare ogni vostra scelta di viaggio. Vi portiamo in giro per l&#8217;Italia e per il mondo sperando che tu possa tornare un p\u00f2 diverso ! La vita \u00e8 un viaggio e chi viaggia vive due volte (Omar Khayyam) Transeuropean Tour si &hellip;\" \/>\r\n<meta property=\"og:url\" content=\"https:\/\/www.transeuropeantour.it\/site\/filosofia\/\" \/>\r\n<meta property=\"og:site_name\" content=\"TRANSEUROPEAN TOUR\" \/>\r\n<meta property=\"article:modified_time\" content=\"2021-06-03T13:25:58+00:00\" \/>\r\n<meta property=\"og:image\" content=\"https:\/\/www.transeuropeantour.it\/site\/wp-content\/uploads\/2017\/11\/maldives-1993704_19201-1-1.jpg\" \/>\r\n<meta name=\"twitter:card\" content=\"summary_large_image\" \/>\r\n<meta name=\"twitter:label1\" content=\"Tempo di lettura stimato\" \/>\n\t<meta name=\"twitter:data1\" content=\"2 minuti\" \/>\r\n<script type=\"application\/ld+json\" class=\"yoast-schema-graph\">{\"@context\":\"https:\/\/schema.org\",\"@graph\":[{\"@type\":\"WebPage\",\"@id\":\"https:\/\/www.transeuropeantour.it\/site\/filosofia\/\",\"url\":\"https:\/\/www.transeuropeantour.it\/site\/filosofia\/\",\"name\":\"Filosofia - TRANSEUROPEAN TOUR\",\"isPartOf\":{\"@id\":\"https:\/\/www.transeuropeantour.it\/site\/#website\"},\"primaryImageOfPage\":{\"@id\":\"https:\/\/www.transeuropeantour.it\/site\/filosofia\/#primaryimage\"},\"image\":{\"@id\":\"https:\/\/www.transeuropeantour.it\/site\/filosofia\/#primaryimage\"},\"thumbnailUrl\":\"https:\/\/www.transeuropeantour.it\/site\/wp-content\/uploads\/2017\/11\/maldives-1993704_19201-1-1.jpg\",\"datePublished\":\"2021-05-28T13:05:36+00:00\",\"dateModified\":\"2021-06-03T13:25:58+00:00\",\"breadcrumb\":{\"@id\":\"https:\/\/www.transeuropeantour.it\/site\/filosofia\/#breadcrumb\"},\"inLanguage\":\"it-IT\",\"potentialAction\":[{\"@type\":\"ReadAction\",\"target\":[\"https:\/\/www.transeuropeantour.it\/site\/filosofia\/\"]}]},{\"@type\":\"ImageObject\",\"inLanguage\":\"it-IT\",\"@id\":\"https:\/\/www.transeuropeantour.it\/site\/filosofia\/#primaryimage\",\"url\":\"https:\/\/www.transeuropeantour.it\/site\/wp-content\/uploads\/2017\/11\/maldives-1993704_19201-1-1.jpg\",\"contentUrl\":\"https:\/\/www.transeuropeantour.it\/site\/wp-content\/uploads\/2017\/11\/maldives-1993704_19201-1-1.jpg\",\"width\":1920,\"height\":1078},{\"@type\":\"BreadcrumbList\",\"@id\":\"https:\/\/www.transeuropeantour.it\/site\/filosofia\/#breadcrumb\",\"itemListElement\":[{\"@type\":\"ListItem\",\"position\":1,\"name\":\"Home\",\"item\":\"https:\/\/www.transeuropeantour.it\/site\/\"},{\"@type\":\"ListItem\",\"position\":2,\"name\":\"Filosofia\"}]},{\"@type\":\"WebSite\",\"@id\":\"https:\/\/www.transeuropeantour.it\/site\/#website\",\"url\":\"https:\/\/www.transeuropeantour.it\/site\/\",\"name\":\"TRANSEUROPEAN TOUR\",\"description\":\"SINCE 1975\",\"potentialAction\":[{\"@type\":\"SearchAction\",\"target\":{\"@type\":\"EntryPoint\",\"urlTemplate\":\"https:\/\/www.transeuropeantour.it\/site\/?s={search_term_string}\"},\"query-input\":\"required name=search_term_string\"}],\"inLanguage\":\"it-IT\"}]}<\/script>\r\n<!-- \/ Yoast SEO plugin. -->","yoast_head_json":{"title":"Filosofia - TRANSEUROPEAN TOUR","robots":{"index":"index","follow":"follow","max-snippet":"max-snippet:-1","max-image-preview":"max-image-preview:large","max-video-preview":"max-video-preview:-1"},"canonical":"https:\/\/www.transeuropeantour.it\/site\/filosofia\/","og_locale":"it_IT","og_type":"article","og_title":"Filosofia - TRANSEUROPEAN TOUR","og_description":"L&#8217;agenzia \u00e8 disponibile a soddisfare ogni vostra scelta di viaggio. Vi portiamo in giro per l&#8217;Italia e per il mondo sperando che tu possa tornare un p\u00f2 diverso ! La vita \u00e8 un viaggio e chi viaggia vive due volte (Omar Khayyam) Transeuropean Tour si &hellip;","og_url":"https:\/\/www.transeuropeantour.it\/site\/filosofia\/","og_site_name":"TRANSEUROPEAN TOUR","article_modified_time":"2021-06-03T13:25:58+00:00","og_image":[{"url":"https:\/\/www.transeuropeantour.it\/site\/wp-content\/uploads\/2017\/11\/maldives-1993704_19201-1-1.jpg"}],"twitter_card":"summary_large_image","twitter_misc":{"Tempo di lettura stimato":"2 minuti"},"schema":{"@context":"https:\/\/schema.org","@graph":[{"@type":"WebPage","@id":"https:\/\/www.transeuropeantour.it\/site\/filosofia\/","url":"https:\/\/www.transeuropeantour.it\/site\/filosofia\/","name":"Filosofia - TRANSEUROPEAN TOUR","isPartOf":{"@id":"https:\/\/www.transeuropeantour.it\/site\/#website"},"primaryImageOfPage":{"@id":"https:\/\/www.transeuropeantour.it\/site\/filosofia\/#primaryimage"},"image":{"@id":"https:\/\/www.transeuropeantour.it\/site\/filosofia\/#primaryimage"},"thumbnailUrl":"https:\/\/www.transeuropeantour.it\/site\/wp-content\/uploads\/2017\/11\/maldives-1993704_19201-1-1.jpg","datePublished":"2021-05-28T13:05:36+00:00","dateModified":"2021-06-03T13:25:58+00:00","breadcrumb":{"@id":"https:\/\/www.transeuropeantour.it\/site\/filosofia\/#breadcrumb"},"inLanguage":"it-IT","potentialAction":[{"@type":"ReadAction","target":["https:\/\/www.transeuropeantour.it\/site\/filosofia\/"]}]},{"@type":"ImageObject","inLanguage":"it-IT","@id":"https:\/\/www.transeuropeantour.it\/site\/filosofia\/#primaryimage","url":"https:\/\/www.transeuropeantour.it\/site\/wp-content\/uploads\/2017\/11\/maldives-1993704_19201-1-1.jpg","contentUrl":"https:\/\/www.transeuropeantour.it\/site\/wp-content\/uploads\/2017\/11\/maldives-1993704_19201-1-1.jpg","width":1920,"height":1078},{"@type":"BreadcrumbList","@id":"https:\/\/www.transeuropeantour.it\/site\/filosofia\/#breadcrumb","itemListElement":[{"@type":"ListItem","position":1,"name":"Home","item":"https:\/\/www.transeuropeantour.it\/site\/"},{"@type":"ListItem","position":2,"name":"Filosofia"}]},{"@type":"WebSite","@id":"https:\/\/www.transeuropeantour.it\/site\/#website","url":"https:\/\/www.transeuropeantour.it\/site\/","name":"TRANSEUROPEAN TOUR","description":"SINCE 1975","potentialAction":[{"@type":"SearchAction","target":{"@type":"EntryPoint","urlTemplate":"https:\/\/www.transeuropeantour.it\/site\/?s={search_term_string}"},"query-input":"required name=search_term_string"}],"inLanguage":"it-IT"}]}},"jetpack_sharing_enabled":true,"_links":{"self":[{"href":"https:\/\/www.transeuropeantour.it\/site\/wp-json\/wp\/v2\/pages\/410","targetHints":{"allow":["GET"]}}],"collection":[{"href":"https:\/\/www.transeuropeantour.it\/site\/wp-json\/wp\/v2\/pages"}],"about":[{"href":"https:\/\/www.transeuropeantour.it\/site\/wp-json\/wp\/v2\/types\/page"}],"author":[{"embeddable":true,"href":"https:\/\/www.transeuropeantour.it\/site\/wp-json\/wp\/v2\/users\/1"}],"replies":[{"embeddable":true,"href":"https:\/\/www.transeuropeantour.it\/site\/wp-json\/wp\/v2\/comments?post=410"}],"version-history":[{"count":24,"href":"https:\/\/www.transeuropeantour.it\/site\/wp-json\/wp\/v2\/pages\/410\/revisions"}],"predecessor-version":[{"id":2162,"href":"https:\/\/www.transeuropeantour.it\/site\/wp-json\/wp\/v2\/pages\/410\/revisions\/2162"}],"wp:attachment":[{"href":"https:\/\/www.transeuropeantour.it\/site\/wp-json\/wp\/v2\/media?parent=410"}],"curies":[{"name":"wp","href":"https:\/\/api.w.org\/{rel}","templated":true}]}}